{"id":35,"date":"2025-06-10T20:48:46","date_gmt":"2025-06-10T23:48:46","guid":{"rendered":"https:\/\/luizctsilva.adm.br\/site\/about\/"},"modified":"2025-06-25T00:42:33","modified_gmt":"2025-06-25T03:42:33","slug":"about","status":"publish","type":"page","link":"https:\/\/luizctsilva.adm.br\/site\/about\/","title":{"rendered":"About"},"content":{"rendered":"\n\n\nSobre mim\n\n\n\n\n\n\n\n\n\nQuem eu sou?\n<p style=\"text-align: center;\"><span style=\"color: rgb(0, 0, 0);\"><span style=\"font-size: 15px;line-height:32px'\">Graduado em Administra\u00e7\u00e3o pela Universidade Federal Fluminense &#8211; UFF (2000), Mestrade em Engenharia de Produ\u00e7\u00e3o pela Universidade Estadual do Norte Fluminense Darcy Ribeiro &#8211; UENF (2011), Especialista em Finan\u00e7as Corporativas pela Universidade Est\u00e1cio de S\u00e1 e Planejamento, Especialista em Implementa\u00e7\u00e3o e Gest\u00e3o da Educa\u00e7\u00e3o a Dist\u00e2ncia pela UFF. Experi\u00eancia na \u00e1rea de Administra\u00e7\u00e3o, com \u00eanfase em Administra\u00e7\u00e3o Financeira e Contabilidade. Mais de 15 anos de experi\u00eancia em Educa\u00e7\u00e3o a dist\u00e2ncia. Professor do Ensino B\u00e1sico T\u00e9cnico e Tecnol\u00f3gico do Instituto Federal Fluminense, Campus Itaperuna. Doutorando em Cogni\u00e7\u00e3o e Linguagem pela UENF.\n\n\n<\/span><\/span><\/p>\n\n\n\n\nMinha Vis\u00e3o\n<p style=\"text-align: center;font-size:16px;line-height:37px;\"><span style=\"color: rgb(255, 255, 255);\">A administra\u00e7\u00e3o, em sua ess\u00eancia, \u00e9 a arte de organizar recursos e talentos para alcan\u00e7ar um prop\u00f3sito comum. Quando essa voca\u00e7\u00e3o se une ao ensino, ela transcende os limites de uma simples profiss\u00e3o e se transforma em uma poderosa ferramenta de transforma\u00e7\u00e3o social. O administrador-educador n\u00e3o apenas gerencia processos, mas semeia o conhecimento, capacitando indiv\u00edduos a se tornarem agentes de mudan\u00e7a em suas pr\u00f3prias comunidades. Ele compreende que a verdadeira efici\u00eancia n\u00e3o se mede apenas em n\u00fameros, mas no impacto duradouro que a educa\u00e7\u00e3o e a organiza\u00e7\u00e3o podem ter na constru\u00e7\u00e3o de uma sociedade mais justa, pr\u00f3spera e consciente.<\/span><\/p>\n<p style=\"text-align: center;font-size:16px;line-height:37px;\"><span style=\"color: rgb(255, 255, 255);\">Ensinar a administrar \u00e9, em \u00faltima an\u00e1lise, ensinar a servir. \u00c9 demonstrar que a lideran\u00e7a eficaz se baseia na empatia, na \u00e9tica e na responsabilidade social. Ao formar novos gestores, o educador compartilha mais do que teorias e t\u00e9cnicas; ele inspira uma vis\u00e3o de mundo onde o sucesso empresarial e o progresso social caminham lado a lado. Cada aula se torna uma oportunidade de moldar futuros l\u00edderes que n\u00e3o apenas otimizar\u00e3o resultados, mas que tamb\u00e9m estar\u00e3o comprometidos com o bem-estar coletivo, aplicando seus conhecimentos para criar organiza\u00e7\u00f5es mais humanas, sustent\u00e1veis e com um prop\u00f3sito que vai al\u00e9m do lucro.<\/span><\/p>\n\n\n\n\n\n\n\u00daltimos trabalhos\n\nMotivadores e n\u00e3o motivadores da pesquisa acad\u00eamica: um estudo-piloto de condi\u00e7\u00f5es ambientais em laborat\u00f3rios. Appris, 2022.\nO Ensino H\u00edbrido no Brasil ap\u00f3s Pandemia do COVID-19 &#8211; in: Aspectos conceituais voltados para a educa\u00e7\u00e3o. Brazilian Journals, 2021.\nLaborat\u00f3rios pedag\u00f3gicos para forma\u00e7\u00e3o docente: utiliza\u00e7\u00e3o de m\u00e9todos de aprendizagem ativa em cursos de Engenharia. &#8211; Desafios da educa\u00e7\u00e3o em engenharia: inova\u00e7\u00e3o e sustentabilidade, aprendizagem ativa e mulheres na engenharia. ABENGE, 2019.\n\n\n\n\n\n\n\nPensamentos\nNingu\u00e9m educa ningu\u00e9m, ningu\u00e9m educa a si mesmo, os homens se educam entre si, mediatizados pelo mundo.\nQuando a educa\u00e7\u00e3o n\u00e3o \u00e9 libertadora, o sonho do oprimido \u00e9 ser o opressor.\nAi daqueles e daquelas, entre n\u00f3s, que pararem com a sua capacidade de sonhar, de inventar a sua coragem de denunciar e de anunciar. Ai daqueles e daquelas que, em lugar de visitar de vez em quando o amanh\u00e3, o futuro, pelo profundo engajamento com o hoje, com o aqui e com o agora, ai daqueles que em lugar desta constante viagem ao amanh\u00e3, se atrelem a um passado de explora\u00e7\u00e3o e de rotina.\n\n\n\n\n","protected":false},"excerpt":{"rendered":"","protected":false},"author":1,"featured_media":0,"parent":0,"menu_order":0,"comment_status":"closed","ping_status":"closed","template":"","meta":{"pagelayer_contact_templates":[],"_pagelayer_content":"","footnotes":""},"class_list":["post-35","page","type-page","status-publish","hentry"],"_links":{"self":[{"href":"https:\/\/luizctsilva.adm.br\/site\/wp-json\/wp\/v2\/pages\/35","targetHints":{"allow":["GET"]}}],"collection":[{"href":"https:\/\/luizctsilva.adm.br\/site\/wp-json\/wp\/v2\/pages"}],"about":[{"href":"https:\/\/luizctsilva.adm.br\/site\/wp-json\/wp\/v2\/types\/page"}],"author":[{"embeddable":true,"href":"https:\/\/luizctsilva.adm.br\/site\/wp-json\/wp\/v2\/users\/1"}],"replies":[{"embeddable":true,"href":"https:\/\/luizctsilva.adm.br\/site\/wp-json\/wp\/v2\/comments?post=35"}],"version-history":[{"count":9,"href":"https:\/\/luizctsilva.adm.br\/site\/wp-json\/wp\/v2\/pages\/35\/revisions"}],"predecessor-version":[{"id":103,"href":"https:\/\/luizctsilva.adm.br\/site\/wp-json\/wp\/v2\/pages\/35\/revisions\/103"}],"wp:attachment":[{"href":"https:\/\/luizctsilva.adm.br\/site\/wp-json\/wp\/v2\/media?parent=35"}],"curies":[{"name":"wp","href":"https:\/\/api.w.org\/{rel}","templated":true}]}}