{"id":36,"date":"2025-06-10T20:48:46","date_gmt":"2025-06-10T23:48:46","guid":{"rendered":"https:\/\/luizctsilva.adm.br\/site\/home\/"},"modified":"2025-06-25T00:56:51","modified_gmt":"2025-06-25T03:56:51","slug":"home","status":"publish","type":"page","link":"https:\/\/luizctsilva.adm.br\/site\/","title":{"rendered":"Home"},"content":{"rendered":"\n\n\nO Administrador\nGest\u00e3o, Educa\u00e7\u00e3o e Pesquisa\n\n\n\n\n\n\n\n\n\n\n\nQuem eu sou?\n<p style=\"text-align: center;font-size:22px;line-height:30px;\"><span style=\"color: rgb(255, 255, 255);\">Graduado em Administra\u00e7\u00e3o pela Universidade Federal Fluminense &#8211; UFF (2000), Mestrade em Engenharia de Produ\u00e7\u00e3o pela Universidade Estadual do Norte Fluminense Darcy Ribeiro &#8211; UENF (2011), Especialista em Finan\u00e7as Corporativas pela Universidade Est\u00e1cio de S\u00e1 e Planejamento, Especialista em Implementa\u00e7\u00e3o e Gest\u00e3o da Educa\u00e7\u00e3o a Dist\u00e2ncia pela UFF. Experi\u00eancia na \u00e1rea de Administra\u00e7\u00e3o, com \u00eanfase em Administra\u00e7\u00e3o Financeira e Contabilidade. Mais de 15 anos de experi\u00eancia em Educa\u00e7\u00e3o a dist\u00e2ncia. Professor do Ensino B\u00e1sico T\u00e9cnico e Tecnol\u00f3gico do Instituto Federal Fluminense, Campus Itaperuna. Doutorando em Cogni\u00e7\u00e3o e Linguagem pela UENF.<\/span><\/p>\n\n\n\n\nSeja bem-vindo!\n<p style=\"text-align: center;font-size:22px;line-height:37px;\"><span style=\"color: rgb(255, 255, 255);\">Este \u00e9 um espa\u00e7o dedicado a explorar as conex\u00f5es entre educa\u00e7\u00e3o, tecnologia e pensamento complexo. O objetivo \u00e9 investigar como podemos unir a inova\u00e7\u00e3o a uma vis\u00e3o mais integrada do conhecimento para desenvolver novas formas de aprender, pensar e agir em um mundo em constante transforma\u00e7\u00e3o. Sinta-se \u00e0 vontade para navegar pelas ideias e fazer parte desta jornada.<\/span><\/p>\n\n\n\n\n\n<p style=\"text-align: center;font-size:16px;line-height:35px;\"><span style=\"color: rgb(0, 0, 0);\">Motivadores e n\u00e3o motivadores da pesquisa acad\u00eamica: um estudo-piloto de condi\u00e7\u00f5es ambientais em laborat\u00f3rios.<\/span><\/p>\n\n\n<p style=\"text-align: center;font-size:16px;line-height:35px;\"><span style=\"color: rgb(0, 0, 0);\">Aspectos conceituais voltados para a Educa\u00e7\u00e3o (vol. 1)<\/span><\/p><p style=\"text-align: center;font-size:16px;line-height:35px;\"><span style=\"color: rgb(0, 0, 0);\"><br><\/span><\/p><br>\n\n\n<p style=\"text-align: center;font-size:16px;line-height:35px;\"><span style=\"color: rgb(0, 0, 0);\">Desafios da Educa\u00e7\u00e3o em Engenharia: Inova\u00e7\u00e3o e Sustentabilidade, Aprendizagem Ativa e Mulheres na Engenharia.<\/span><\/p>\n\n\n\n\n\n\nEduca\u00e7\u00e3o para a Sociedade\n<p style=\"text-align: center;font-size:16px;line-height:37px;\"><span style=\"color: rgb(0, 0, 0);\">A educa\u00e7\u00e3o tem um papel crucial em ensinar a compreender, a ouvir e a desenvolver a empatia, base para uma sociedade mais solid\u00e1ria.<\/span><\/p>\n\n\n\n\n\n\nEduca\u00e7\u00e3o para a Incerteza\n<p style=\"text-align: center;font-size:16px;line-height:37px;\"><span style=\"color: rgb(0, 0, 0);\">Mais do que ensinar certezas, a escola deve preparar os estudantes para navegar na incerteza. Aprender a elaborar estrat\u00e9gias para lidar com o novo.<\/span><\/p>\n\n\n\n\n\n\nEduca\u00e7\u00e3o para a Cr\u00edtica\n<p style=\"text-align: center;font-size:16px;line-height:37px;\"><span style=\"color: rgb(0, 0, 0);\">Se a educa\u00e7\u00e3o apenas reproduz as estruturas de poder existentes sem levar \u00e0 reflex\u00e3o cr\u00edtica, ela falha em seu papel fundamental de humanizar e libertar.<\/span><\/p>\n\n\n\n\n\n\n<h2>Educa\u00e7\u00e3o e Conhecimento<\/h2>\n<p style=\"text-align: center;font-size:16px;line-height:37px;\"><span style=\"color: rgb(0, 0, 0);\">A primeira tarefa da educa\u00e7\u00e3o \u00e9 ensinar o que \u00e9 o conhecimento, com suas fragilidades, dificuldades e a tend\u00eancia ao erro e \u00e0 ilus\u00e3o.<\/span><\/p>\n\n\n\n\n\n\nEduca\u00e7\u00e3o para Humaniza\u00e7\u00e3o\n<p style=\"text-align: center;\"><span style=\"color: rgb(0, 0, 0);line-height:35px;\">Antes de sermos de uma cultura ou na\u00e7\u00e3o espec\u00edfica, somos seres humanos. A educa\u00e7\u00e3o deve nos ajudar a compreender nossa identidade complexa \u2014 f\u00edsica, biol\u00f3gica, ps\u00edquica, cultural, social e hist\u00f3rica \u2014 e nossa unidade dentro da diversidade.a compreens\u00e3o humana \u00e9 um dos saberes essenciais e, paradoxalmente, um dos mais ignorados. A educa\u00e7\u00e3o tem um papel crucial em ensinar a compreender, a ouvir e a desenvolver a empatia, base para uma sociedade mais solid\u00e1ria.&nbsp;<\/span><\/p>\n\n\n\n\n\n\n\n\n\n\n\n\n\n","protected":false},"excerpt":{"rendered":"","protected":false},"author":1,"featured_media":0,"parent":0,"menu_order":0,"comment_status":"closed","ping_status":"closed","template":"","meta":{"pagelayer_contact_templates":[],"_pagelayer_content":"","footnotes":""},"class_list":["post-36","page","type-page","status-publish","hentry"],"_links":{"self":[{"href":"https:\/\/luizctsilva.adm.br\/site\/wp-json\/wp\/v2\/pages\/36","targetHints":{"allow":["GET"]}}],"collection":[{"href":"https:\/\/luizctsilva.adm.br\/site\/wp-json\/wp\/v2\/pages"}],"about":[{"href":"https:\/\/luizctsilva.adm.br\/site\/wp-json\/wp\/v2\/types\/page"}],"author":[{"embeddable":true,"href":"https:\/\/luizctsilva.adm.br\/site\/wp-json\/wp\/v2\/users\/1"}],"replies":[{"embeddable":true,"href":"https:\/\/luizctsilva.adm.br\/site\/wp-json\/wp\/v2\/comments?post=36"}],"version-history":[{"count":18,"href":"https:\/\/luizctsilva.adm.br\/site\/wp-json\/wp\/v2\/pages\/36\/revisions"}],"predecessor-version":[{"id":108,"href":"https:\/\/luizctsilva.adm.br\/site\/wp-json\/wp\/v2\/pages\/36\/revisions\/108"}],"wp:attachment":[{"href":"https:\/\/luizctsilva.adm.br\/site\/wp-json\/wp\/v2\/media?parent=36"}],"curies":[{"name":"wp","href":"https:\/\/api.w.org\/{rel}","templated":true}]}}